{"id":365,"date":"2020-07-15T07:12:01","date_gmt":"2020-07-15T04:12:01","guid":{"rendered":"https:\/\/karoff.org\/?page_id=365"},"modified":"2026-04-01T10:01:18","modified_gmt":"2026-04-01T07:01:18","slug":"anasayfa","status":"publish","type":"page","link":"https:\/\/karoff.org\/","title":{"rendered":"PETLAS 2025 T\u00dcRK\u0130YE OFFROAD \u015e"},"content":{"rendered":"\t\t<div data-elementor-type=\"wp-page\" data-elementor-id=\"365\" class=\"elementor elementor-365\">\n\t\t\t\t\t\t<section class=\"elementor-section elementor-top-section elementor-element elementor-element-87da8c4 elementor-section-items-bottom elementor-section-height-full elementor-section-boxed elementor-section-height-default\" data-id=\"87da8c4\" data-element_type=\"section\" data-e-type=\"section\" data-settings=\"{&quot;background_background&quot;:&quot;classic&quot;}\">\n\t\t\t\t\t\t\t<div class=\"elementor-background-overlay\"><\/div>\n\t\t\t\t\t\t\t<div class=\"elementor-container elementor-column-gap-no\">\n\t\t\t\t\t<div class=\"elementor-column elementor-col-100 elementor-top-column elementor-element elementor-element-fd26c1e\" data-id=\"fd26c1e\" data-element_type=\"column\" data-e-type=\"column\">\n\t\t\t<div class=\"elementor-widget-wrap elementor-element-populated\">\n\t\t\t\t\t\t<div class=\"elementor-element elementor-element-5c116a4 elementor-widget__width-initial elementor-widget elementor-widget-heading\" data-id=\"5c116a4\" data-element_type=\"widget\" data-e-type=\"widget\" data-widget_type=\"heading.default\">\n\t\t\t\t<div class=\"elementor-widget-container\">\n\t\t\t\t\t<h1 class=\"elementor-heading-title elementor-size-default\">2026 T\u00dcRK\u0130YE baja \u015eampiyonas\u0131 KAHRAMANMARA\u015e'TA START ALIYOR<\/h1>\t\t\t\t<\/div>\n\t\t\t\t<\/div>\n\t\t\t\t<div class=\"elementor-element elementor-element-22fdc10 elementor-align-center elementor-widget elementor-widget-button\" data-id=\"22fdc10\" data-element_type=\"widget\" data-e-type=\"widget\" data-widget_type=\"button.default\">\n\t\t\t\t<div class=\"elementor-widget-container\">\n\t\t\t\t\t\t\t\t\t<div class=\"elementor-button-wrapper\">\n\t\t\t\t\t<a class=\"elementor-button elementor-button-link elementor-size-sm\" href=\"https:\/\/karoff.org\/?page_id=623\">\n\t\t\t\t\t\t<span class=\"elementor-button-content-wrapper\">\n\t\t\t\t\t\t\t\t\t<span class=\"elementor-button-text\">Gitmek i\u00e7in T\u0131klay\u0131n<\/span>\n\t\t\t\t\t<\/span>\n\t\t\t\t\t<\/a>\n\t\t\t\t<\/div>\n\t\t\t\t\t\t\t\t<\/div>\n\t\t\t\t<\/div>\n\t\t\t\t\t<\/div>\n\t\t<\/div>\n\t\t\t\t\t<\/div>\n\t\t<\/section>\n\t\t\t\t<section class=\"elementor-section elementor-top-section elementor-element elementor-element-0a20220 elementor-section-boxed elementor-section-height-default elementor-section-height-default\" data-id=\"0a20220\" data-element_type=\"section\" data-e-type=\"section\" id=\"aboutus\" data-settings=\"{&quot;background_background&quot;:&quot;classic&quot;}\">\n\t\t\t\t\t\t<div class=\"elementor-container elementor-column-gap-no\">\n\t\t\t\t\t<div class=\"elementor-column elementor-col-50 elementor-top-column elementor-element elementor-element-cb92e3c\" data-id=\"cb92e3c\" data-element_type=\"column\" data-e-type=\"column\">\n\t\t\t<div class=\"elementor-widget-wrap elementor-element-populated\">\n\t\t\t\t\t\t<div class=\"elementor-element elementor-element-483d438 elementor-widget elementor-widget-heading\" data-id=\"483d438\" data-element_type=\"widget\" data-e-type=\"widget\" data-widget_type=\"heading.default\">\n\t\t\t\t<div class=\"elementor-widget-container\">\n\t\t\t\t\t<h3 class=\"elementor-heading-title elementor-size-default\">Off Road sevenler Olarak<\/h3>\t\t\t\t<\/div>\n\t\t\t\t<\/div>\n\t\t\t\t<div class=\"elementor-element elementor-element-275c525 elementor-widget elementor-widget-text-editor\" data-id=\"275c525\" data-element_type=\"widget\" data-e-type=\"widget\" data-widget_type=\"text-editor.default\">\n\t\t\t\t<div class=\"elementor-widget-container\">\n\t\t\t\t\t\t\t\t\t<p>Kahramanlar Off Road Kul\u00fcb\u00fc olarak, do\u011fay\u0131 ve adrenalin dolu maceralar\u0131 seven bir grup tutkulu off road tutkunu olarak bir araya geldik. Kul\u00fcb\u00fcm\u00fcz, off road s\u00fcr\u00fc\u015f\u00fcn\u00fc seven ve bu heyecan\u0131 payla\u015fmak isteyen herkes i\u00e7in bir aile gibi bir araya gelmi\u015ftir.<\/p>\t\t\t\t\t\t\t\t<\/div>\n\t\t\t\t<\/div>\n\t\t\t\t<div class=\"elementor-element elementor-element-f7ea51f elementor-widget elementor-widget-spacer\" data-id=\"f7ea51f\" data-element_type=\"widget\" data-e-type=\"widget\" data-widget_type=\"spacer.default\">\n\t\t\t\t<div class=\"elementor-widget-container\">\n\t\t\t\t\t\t\t<div class=\"elementor-spacer\">\n\t\t\t<div class=\"elementor-spacer-inner\"><\/div>\n\t\t<\/div>\n\t\t\t\t\t\t<\/div>\n\t\t\t\t<\/div>\n\t\t\t\t<div class=\"elementor-element elementor-element-7eaac3f elementor-widget elementor-widget-heading\" data-id=\"7eaac3f\" data-element_type=\"widget\" data-e-type=\"widget\" data-widget_type=\"heading.default\">\n\t\t\t\t<div class=\"elementor-widget-container\">\n\t\t\t\t\t<h3 class=\"elementor-heading-title elementor-size-default\">Sizde Arm\u0131za Kat\u0131l\u0131n<\/h3>\t\t\t\t<\/div>\n\t\t\t\t<\/div>\n\t\t\t\t<div class=\"elementor-element elementor-element-34bf0f3 elementor-widget elementor-widget-text-editor\" data-id=\"34bf0f3\" data-element_type=\"widget\" data-e-type=\"widget\" data-widget_type=\"text-editor.default\">\n\t\t\t\t<div class=\"elementor-widget-container\">\n\t\t\t\t\t\t\t\t\t<p>Off road tutkusu ve macera aray\u0131\u015f\u0131 ile doluysan\u0131z, Kahramanlar Off Road Kul\u00fcb\u00fc&#8217;ne kat\u0131lmamak i\u00e7in hi\u00e7bir sebep yok! Siz de bize kat\u0131larak off road s\u00fcr\u00fc\u015f\u00fcn\u00fc deneyimlemek, yeni insanlarla tan\u0131\u015fmak ve do\u011faya sayg\u0131 g\u00f6stermek i\u00e7in harekete ge\u00e7ebilirsiniz.<\/p>\t\t\t\t\t\t\t\t<\/div>\n\t\t\t\t<\/div>\n\t\t\t\t<div class=\"elementor-element elementor-element-63fadcf elementor-align-right elementor-widget elementor-widget-button\" data-id=\"63fadcf\" data-element_type=\"widget\" data-e-type=\"widget\" data-widget_type=\"button.default\">\n\t\t\t\t<div class=\"elementor-widget-container\">\n\t\t\t\t\t\t\t\t\t<div class=\"elementor-button-wrapper\">\n\t\t\t\t\t<a class=\"elementor-button elementor-button-link elementor-size-sm\" href=\"https:\/\/karoff.org\/?page_id=163\">\n\t\t\t\t\t\t<span class=\"elementor-button-content-wrapper\">\n\t\t\t\t\t\t\t\t\t<span class=\"elementor-button-text\">\u0130leti\u015fim<\/span>\n\t\t\t\t\t<\/span>\n\t\t\t\t\t<\/a>\n\t\t\t\t<\/div>\n\t\t\t\t\t\t\t\t<\/div>\n\t\t\t\t<\/div>\n\t\t\t\t\t<\/div>\n\t\t<\/div>\n\t\t\t\t<div class=\"elementor-column elementor-col-50 elementor-top-column elementor-element elementor-element-41d1e10\" data-id=\"41d1e10\" data-element_type=\"column\" data-e-type=\"column\">\n\t\t\t<div class=\"elementor-widget-wrap elementor-element-populated\">\n\t\t\t\t\t\t<div class=\"elementor-element elementor-element-6904420 elementor-widget elementor-widget-spacer\" data-id=\"6904420\" data-element_type=\"widget\" data-e-type=\"widget\" data-widget_type=\"spacer.default\">\n\t\t\t\t<div class=\"elementor-widget-container\">\n\t\t\t\t\t\t\t<div class=\"elementor-spacer\">\n\t\t\t<div class=\"elementor-spacer-inner\"><\/div>\n\t\t<\/div>\n\t\t\t\t\t\t<\/div>\n\t\t\t\t<\/div>\n\t\t\t\t<div class=\"elementor-element elementor-element-e5064c9 elementor-widget elementor-widget-heading\" data-id=\"e5064c9\" data-element_type=\"widget\" data-e-type=\"widget\" data-widget_type=\"heading.default\">\n\t\t\t\t<div class=\"elementor-widget-container\">\n\t\t\t\t\t<h3 class=\"elementor-heading-title elementor-size-default\">Etkinliklerimiz<\/h3>\t\t\t\t<\/div>\n\t\t\t\t<\/div>\n\t\t\t\t<div class=\"elementor-element elementor-element-8be014f elementor-widget elementor-widget-text-editor\" data-id=\"8be014f\" data-element_type=\"widget\" data-e-type=\"widget\" data-widget_type=\"text-editor.default\">\n\t\t\t\t<div class=\"elementor-widget-container\">\n\t\t\t\t\t\t\t\t\t<p>Kul\u00fcp olarak, d\u00fczenli off road gezileri, kamplar, yar\u0131\u015flar ve e\u011fitim etkinlikleri d\u00fczenliyoruz. Her seviyeden off road s\u00fcr\u00fcc\u00fcs\u00fcne hitap eden etkinliklerimizle, hem deneyimli s\u00fcr\u00fcc\u00fclerin becerilerini geli\u015ftirmelerine hem de yeni ba\u015flayanlara off road d\u00fcnyas\u0131n\u0131 tan\u0131malar\u0131na yard\u0131mc\u0131 oluyoruz.<\/p>\t\t\t\t\t\t\t\t<\/div>\n\t\t\t\t<\/div>\n\t\t\t\t<div class=\"elementor-element elementor-element-b66abd9 elementor-widget elementor-widget-image\" data-id=\"b66abd9\" data-element_type=\"widget\" data-e-type=\"widget\" data-widget_type=\"image.default\">\n\t\t\t\t<div class=\"elementor-widget-container\">\n\t\t\t\t\t\t\t\t\t\t\t\t\t\t\t<img fetchpriority=\"high\" decoding=\"async\" width=\"1024\" height=\"684\" src=\"https:\/\/karoff.org\/wp-content\/uploads\/2023\/11\/HIL0661-scaled-1-1024x684.jpg\" class=\"attachment-large size-large wp-image-385\" alt=\"\" srcset=\"https:\/\/karoff.org\/wp-content\/uploads\/2023\/11\/HIL0661-scaled-1-1024x684.jpg 1024w, https:\/\/karoff.org\/wp-content\/uploads\/2023\/11\/HIL0661-scaled-1-300x200.jpg 300w, https:\/\/karoff.org\/wp-content\/uploads\/2023\/11\/HIL0661-scaled-1-768x513.jpg 768w, https:\/\/karoff.org\/wp-content\/uploads\/2023\/11\/HIL0661-scaled-1-1536x1025.jpg 1536w, https:\/\/karoff.org\/wp-content\/uploads\/2023\/11\/HIL0661-scaled-1-2048x1367.jpg 2048w\" sizes=\"(max-width: 1024px) 100vw, 1024px\" \/>\t\t\t\t\t\t\t\t\t\t\t\t\t\t\t<\/div>\n\t\t\t\t<\/div>\n\t\t\t\t\t<\/div>\n\t\t<\/div>\n\t\t\t\t\t<\/div>\n\t\t<\/section>\n\t\t\t\t<section class=\"elementor-section elementor-top-section elementor-element elementor-element-de63bf7 elementor-section-boxed elementor-section-height-default elementor-section-height-default\" data-id=\"de63bf7\" data-element_type=\"section\" data-e-type=\"section\">\n\t\t\t\t\t\t<div class=\"elementor-container elementor-column-gap-no\">\n\t\t\t\t\t<div class=\"elementor-column elementor-col-100 elementor-top-column elementor-element elementor-element-9112cad\" data-id=\"9112cad\" data-element_type=\"column\" data-e-type=\"column\">\n\t\t\t<div class=\"elementor-widget-wrap elementor-element-populated\">\n\t\t\t\t\t\t<div class=\"elementor-element elementor-element-a5eff9d elementor-absolute elementor-widget elementor-widget-image\" data-id=\"a5eff9d\" data-element_type=\"widget\" data-e-type=\"widget\" data-settings=\"{&quot;_position&quot;:&quot;absolute&quot;}\" data-widget_type=\"image.default\">\n\t\t\t\t<div class=\"elementor-widget-container\">\n\t\t\t\t\t\t\t\t\t\t\t\t\t\t\t<img decoding=\"async\" width=\"300\" height=\"192\" src=\"https:\/\/karoff.org\/wp-content\/uploads\/2023\/11\/DSC0391-scaled-1-300x192.jpg\" class=\"attachment-medium size-medium wp-image-396\" alt=\"\" srcset=\"https:\/\/karoff.org\/wp-content\/uploads\/2023\/11\/DSC0391-scaled-1-300x192.jpg 300w, https:\/\/karoff.org\/wp-content\/uploads\/2023\/11\/DSC0391-scaled-1-1024x656.jpg 1024w, https:\/\/karoff.org\/wp-content\/uploads\/2023\/11\/DSC0391-scaled-1-768x492.jpg 768w, https:\/\/karoff.org\/wp-content\/uploads\/2023\/11\/DSC0391-scaled-1-1536x984.jpg 1536w, https:\/\/karoff.org\/wp-content\/uploads\/2023\/11\/DSC0391-scaled-1-2048x1312.jpg 2048w\" sizes=\"(max-width: 300px) 100vw, 300px\" \/>\t\t\t\t\t\t\t\t\t\t\t\t\t\t\t<\/div>\n\t\t\t\t<\/div>\n\t\t\t\t\t<\/div>\n\t\t<\/div>\n\t\t\t\t\t<\/div>\n\t\t<\/section>\n\t\t\t\t<section class=\"elementor-section elementor-top-section elementor-element elementor-element-2d1a270 elementor-section-boxed elementor-section-height-default elementor-section-height-default\" data-id=\"2d1a270\" data-element_type=\"section\" data-e-type=\"section\" data-settings=\"{&quot;background_background&quot;:&quot;classic&quot;}\">\n\t\t\t\t\t\t<div class=\"elementor-container elementor-column-gap-no\">\n\t\t\t\t\t<div class=\"elementor-column elementor-col-100 elementor-top-column elementor-element elementor-element-de9328a\" data-id=\"de9328a\" data-element_type=\"column\" data-e-type=\"column\">\n\t\t\t<div class=\"elementor-widget-wrap\">\n\t\t\t\t\t\t\t<\/div>\n\t\t<\/div>\n\t\t\t\t\t<\/div>\n\t\t<\/section>\n\t\t\t\t<section class=\"elementor-section elementor-top-section elementor-element elementor-element-6bcc976 elementor-section-boxed elementor-section-height-default elementor-section-height-default\" data-id=\"6bcc976\" data-element_type=\"section\" data-e-type=\"section\" data-settings=\"{&quot;background_background&quot;:&quot;classic&quot;}\">\n\t\t\t\t\t\t\t<div class=\"elementor-background-overlay\"><\/div>\n\t\t\t\t\t\t\t<div class=\"elementor-container elementor-column-gap-no\">\n\t\t\t\t\t<div class=\"elementor-column elementor-col-100 elementor-top-column elementor-element elementor-element-cd1dec9\" data-id=\"cd1dec9\" data-element_type=\"column\" data-e-type=\"column\">\n\t\t\t<div class=\"elementor-widget-wrap elementor-element-populated\">\n\t\t\t\t\t\t<div class=\"elementor-element elementor-element-2ee3d00 elementor-widget elementor-widget-heading\" data-id=\"2ee3d00\" data-element_type=\"widget\" data-e-type=\"widget\" data-widget_type=\"heading.default\">\n\t\t\t\t<div class=\"elementor-widget-container\">\n\t\t\t\t\t<h2 class=\"elementor-heading-title elementor-size-default\">Hakk\u0131m\u0131zda<\/h2>\t\t\t\t<\/div>\n\t\t\t\t<\/div>\n\t\t\t\t<div class=\"elementor-element elementor-element-0353c6c elementor-widget elementor-widget-text-editor\" data-id=\"0353c6c\" data-element_type=\"widget\" data-e-type=\"widget\" data-widget_type=\"text-editor.default\">\n\t\t\t\t<div class=\"elementor-widget-container\">\n\t\t\t\t\t\t\t\t\t<p>Kahramanlar Offroad Ve Otomobil Sporlar\u0131 Kul\u00fcb\u00fc;<\/p><p>Kahramanmara\u015f\u2019taki Off Road Tutkunlar\u0131 Olarak Spor ve Centilmenlik Odakl\u0131 Kl\u00fcb\u00fcm\u00fcz\u00fc T\u00fcrkiye \u00c7ap\u0131nda Off Road\u2019lar Kl\u00fcpleri i\u00e7erisinde en \u00fcst s\u0131ralara ta\u015f\u0131may\u0131 hedeflemekteyiz. Bu \u00e7er\u00e7evede temel prensiplerimi<\/p><p>\u201cYap\u0131lan her hata yeni bir ba\u015flang\u0131\u00e7 i\u00e7in \u00f6nemli bir tecr\u00fcbedir.\u201d<\/p>\t\t\t\t\t\t\t\t<\/div>\n\t\t\t\t<\/div>\n\t\t\t\t\t<\/div>\n\t\t<\/div>\n\t\t\t\t\t<\/div>\n\t\t<\/section>\n\t\t\t\t<section class=\"elementor-section elementor-top-section elementor-element elementor-element-1cb778f elementor-section-full_width elementor-section-height-default elementor-section-height-default\" data-id=\"1cb778f\" data-element_type=\"section\" data-e-type=\"section\">\n\t\t\t\t\t\t<div class=\"elementor-container elementor-column-gap-no\">\n\t\t\t\t\t<div class=\"elementor-column elementor-col-100 elementor-top-column elementor-element elementor-element-ac35d64\" data-id=\"ac35d64\" data-element_type=\"column\" data-e-type=\"column\">\n\t\t\t<div class=\"elementor-widget-wrap elementor-element-populated\">\n\t\t\t\t\t\t<div class=\"elementor-element elementor-element-cc8590f elementor-absolute elementor-widget__width-auto elementor-widget elementor-widget-image\" data-id=\"cc8590f\" data-element_type=\"widget\" data-e-type=\"widget\" data-settings=\"{&quot;_position&quot;:&quot;absolute&quot;}\" data-widget_type=\"image.default\">\n\t\t\t\t<div class=\"elementor-widget-container\">\n\t\t\t\t\t\t\t\t\t\t\t\t\t\t\t<img decoding=\"async\" width=\"437\" height=\"250\" src=\"https:\/\/karoff.org\/wp-content\/uploads\/2023\/11\/cropped-Adsiz_tasarim-removebg-preview-1-250x143.png\" class=\"attachment-large size-large wp-image-15\" alt=\"\" srcset=\"https:\/\/karoff.org\/wp-content\/uploads\/2023\/11\/cropped-Adsiz_tasarim-removebg-preview-1.png 1x, https:\/\/karoff.org\/wp-content\/uploads\/2023\/11\/cropped-Adsiz_tasarim-removebg-preview-1.png 2x\" sizes=\"(max-width: 437px) 100vw, 437px\" \/>\t\t\t\t\t\t\t\t\t\t\t\t\t\t\t<\/div>\n\t\t\t\t<\/div>\n\t\t\t\t\t<\/div>\n\t\t<\/div>\n\t\t\t\t\t<\/div>\n\t\t<\/section>\n\t\t\t\t<\/div>\n\t\t","protected":false},"excerpt":{"rendered":"<p>2026 T\u00dcRK\u0130YE baja \u015eampiyonas\u0131 KAHRAMANMARA\u015e&#8217;TA START ALIYOR Gitmek i\u00e7in T\u0131klay\u0131n Off Road sevenler Olarak Kahramanlar Off Road Kul\u00fcb\u00fc olarak, do\u011fay\u0131 ve adrenalin dolu maceralar\u0131 seven bir grup tutkulu off road tutkunu olarak bir araya geldik. Kul\u00fcb\u00fcm\u00fcz, off road s\u00fcr\u00fc\u015f\u00fcn\u00fc seven ve bu heyecan\u0131 payla\u015fmak isteyen herkes i\u00e7in bir aile gibi bir araya gelmi\u015ftir. Sizde Arm\u0131za &hellip;<\/p>\n<p class=\"read-more\"> <a class=\"\" href=\"https:\/\/karoff.org\/\"> <span class=\"screen-reader-text\">PETLAS 2025 T\u00dcRK\u0130YE OFFROAD \u015e<\/span> Devam\u0131 &raquo;<\/a><\/p>\n","protected":false},"author":1,"featured_media":0,"parent":0,"menu_order":0,"comment_status":"closed","ping_status":"closed","template":"","meta":{"site-sidebar-layout":"no-sidebar","site-content-layout":"page-builder","ast-site-content-layout":"","site-content-style":"default","site-sidebar-style":"default","ast-global-header-display":"","ast-banner-title-visibility":"","ast-main-header-display":"","ast-hfb-above-header-display":"","ast-hfb-below-header-display":"","ast-hfb-mobile-header-display":"","site-post-title":"disabled","ast-breadcrumbs-content":"","ast-featured-img":"disabled","footer-sml-layout":"","theme-transparent-header-meta":"enabled","adv-header-id-meta":"","stick-header-meta":"","header-above-stick-meta":"","header-main-stick-meta":"","header-below-stick-meta":"","astra-migrate-meta-layouts":"","ast-page-background-enabled":"default","ast-page-background-meta":{"desktop":{"background-color":"","background-image":"","background-repeat":"repeat","background-position":"center center","background-size":"auto","background-attachment":"scroll","background-type":"","background-media":"","overlay-type":"","overlay-color":"","overlay-gradient":""},"tablet":{"background-color":"","background-image":"","background-repeat":"repeat","background-position":"center center","background-size":"auto","background-attachment":"scroll","background-type":"","background-media":"","overlay-type":"","overlay-color":"","overlay-gradient":""},"mobile":{"background-color":"","background-image":"","background-repeat":"repeat","background-position":"center center","background-size":"auto","background-attachment":"scroll","background-type":"","background-media":"","overlay-type":"","overlay-color":"","overlay-gradient":""}},"ast-content-background-meta":{"desktop":{"background-color":"var(--ast-global-color-5)","background-image":"","background-repeat":"repeat","background-position":"center center","background-size":"auto","background-attachment":"scroll","background-type":"","background-media":"","overlay-type":"","overlay-color":"","overlay-gradient":""},"tablet":{"background-color":"var(--ast-global-color-5)","background-image":"","background-repeat":"repeat","background-position":"center center","background-size":"auto","background-attachment":"scroll","background-type":"","background-media":"","overlay-type":"","overlay-color":"","overlay-gradient":""},"mobile":{"background-color":"var(--ast-global-color-5)","background-image":"","background-repeat":"repeat","background-position":"center center","background-size":"auto","background-attachment":"scroll","background-type":"","background-media":"","overlay-type":"","overlay-color":"","overlay-gradient":""}},"footnotes":""},"class_list":["post-365","page","type-page","status-publish","hentry"],"_links":{"self":[{"href":"https:\/\/karoff.org\/index.php?rest_route=\/wp\/v2\/pages\/365","targetHints":{"allow":["GET"]}}],"collection":[{"href":"https:\/\/karoff.org\/index.php?rest_route=\/wp\/v2\/pages"}],"about":[{"href":"https:\/\/karoff.org\/index.php?rest_route=\/wp\/v2\/types\/page"}],"author":[{"embeddable":true,"href":"https:\/\/karoff.org\/index.php?rest_route=\/wp\/v2\/users\/1"}],"replies":[{"embeddable":true,"href":"https:\/\/karoff.org\/index.php?rest_route=%2Fwp%2Fv2%2Fcomments&post=365"}],"version-history":[{"count":89,"href":"https:\/\/karoff.org\/index.php?rest_route=\/wp\/v2\/pages\/365\/revisions"}],"predecessor-version":[{"id":1122,"href":"https:\/\/karoff.org\/index.php?rest_route=\/wp\/v2\/pages\/365\/revisions\/1122"}],"wp:attachment":[{"href":"https:\/\/karoff.org\/index.php?rest_route=%2Fwp%2Fv2%2Fmedia&parent=365"}],"curies":[{"name":"wp","href":"https:\/\/api.w.org\/{rel}","templated":true}]}}